{"id":13,"date":"2021-03-20T02:10:28","date_gmt":"2021-03-20T01:10:28","guid":{"rendered":"http:\/\/silenceonteste.com\/?page_id=13"},"modified":"2021-03-20T02:10:28","modified_gmt":"2021-03-20T01:10:28","slug":"a-propos-de","status":"publish","type":"page","link":"https:\/\/silenceonteste.com\/index.php\/a-propos-de\/","title":{"rendered":"\u00c0 propos de"},"content":{"rendered":"\n<p>Vous pourriez \u00eatre un artiste et vouloir pr\u00e9senter vos travaux et vous m\u00eame ou encore \u00eatre une entreprise avec une mission \u00e0 promouvoir.<\/p>\n","protected":false},"excerpt":{"rendered":"<p>Vous pourriez \u00eatre un artiste et vouloir pr\u00e9senter vos travaux et vous m\u00eame ou encore \u00eatre une entreprise avec une mission \u00e0 promouvoir.<\/p>\n","protected":false},"author":1,"featured_media":0,"parent":0,"menu_order":0,"comment_status":"closed","ping_status":"closed","template":"","meta":{"footnotes":""},"class_list":["post-13","page","type-page","status-publish","hentry"],"jetpack_sharing_enabled":true,"_links":{"self":[{"href":"https:\/\/silenceonteste.com\/index.php\/wp-json\/wp\/v2\/pages\/13"}],"collection":[{"href":"https:\/\/silenceonteste.com\/index.php\/wp-json\/wp\/v2\/pages"}],"about":[{"href":"https:\/\/silenceonteste.com\/index.php\/wp-json\/wp\/v2\/types\/page"}],"author":[{"embeddable":true,"href":"https:\/\/silenceonteste.com\/index.php\/wp-json\/wp\/v2\/users\/1"}],"replies":[{"embeddable":true,"href":"https:\/\/silenceonteste.com\/index.php\/wp-json\/wp\/v2\/comments?post=13"}],"version-history":[{"count":1,"href":"https:\/\/silenceonteste.com\/index.php\/wp-json\/wp\/v2\/pages\/13\/revisions"}],"predecessor-version":[{"id":22,"href":"https:\/\/silenceonteste.com\/index.php\/wp-json\/wp\/v2\/pages\/13\/revisions\/22"}],"wp:attachment":[{"href":"https:\/\/silenceonteste.com\/index.php\/wp-json\/wp\/v2\/media?parent=13"}],"curies":[{"name":"wp","href":"https:\/\/api.w.org\/{rel}","templated":true}]}}